{"id":435,"date":"2025-09-21T02:21:53","date_gmt":"2025-09-21T02:21:53","guid":{"rendered":"https:\/\/pcdataplus.com\/pcd\/home\/"},"modified":"2025-10-11T18:00:01","modified_gmt":"2025-10-11T23:00:01","slug":"home","status":"publish","type":"page","link":"https:\/\/pcdataplus.com\/pcd\/","title":{"rendered":"Inicio"},"content":{"rendered":"\t\t<div data-elementor-type=\"wp-page\" data-elementor-id=\"435\" class=\"elementor elementor-435\" data-elementor-post-type=\"page\">\n\t\t\t\t<div class=\"elementor-element elementor-element-e7d367c e-con-full e-flex e-con e-parent\" data-id=\"e7d367c\" data-element_type=\"container\" data-e-type=\"container\" data-settings=\"{&quot;background_background&quot;:&quot;classic&quot;}\">\n\t\t<div class=\"elementor-element elementor-element-4f2ebca e-con-full e-flex e-con e-child\" data-id=\"4f2ebca\" data-element_type=\"container\" data-e-type=\"container\" data-settings=\"{&quot;background_background&quot;:&quot;classic&quot;}\">\n\t\t\t\t<div class=\"elementor-element elementor-element-b5c8863 elementor-widget elementor-widget-spacer\" data-id=\"b5c8863\" data-element_type=\"widget\" data-e-type=\"widget\" data-widget_type=\"spacer.default\">\n\t\t\t\t<div class=\"elementor-widget-container\">\n\t\t\t\t\t\t\t<div class=\"elementor-spacer\">\n\t\t\t<div class=\"elementor-spacer-inner\"><\/div>\n\t\t<\/div>\n\t\t\t\t\t\t<\/div>\n\t\t\t\t<\/div>\n\t\t\t\t<\/div>\n\t\t<div class=\"elementor-element elementor-element-b3e00a9 e-con-full e-flex e-con e-child\" data-id=\"b3e00a9\" data-element_type=\"container\" data-e-type=\"container\" data-settings=\"{&quot;background_background&quot;:&quot;classic&quot;}\">\n\t\t\t\t<div class=\"elementor-element elementor-element-4ba3ae9 elementor-widget elementor-widget-heading\" data-id=\"4ba3ae9\" data-element_type=\"widget\" data-e-type=\"widget\" data-widget_type=\"heading.default\">\n\t\t\t\t<div class=\"elementor-widget-container\">\n\t\t\t\t\t<h1 class=\"elementor-heading-title elementor-size-default\">Pcdataplus<\/h1>\t\t\t\t<\/div>\n\t\t\t\t<\/div>\n\t\t<div class=\"elementor-element elementor-element-608e4f3 e-flex e-con-boxed e-con e-child\" data-id=\"608e4f3\" data-element_type=\"container\" data-e-type=\"container\">\n\t\t\t\t\t<div class=\"e-con-inner\">\n\t\t<div class=\"elementor-element elementor-element-40a682d e-con-full e-flex e-con e-child\" data-id=\"40a682d\" data-element_type=\"container\" data-e-type=\"container\">\n\t\t\t\t<div class=\"elementor-element elementor-element-29bb507 elementor-widget elementor-widget-hfe-infocard\" data-id=\"29bb507\" data-element_type=\"widget\" data-e-type=\"widget\" data-widget_type=\"hfe-infocard.default\">\n\t\t\t\t<div class=\"elementor-widget-container\">\n\t\t\t\t\t\n\t\t<div class=\"hfe-infocard\">\n\t\t\t\t\t\t\t\t\t<div class=\"hfe-infocard-text-wrap\">\n\t\t\t\t<div class=\"hfe-infocard-text elementor-inline-editing\" data-elementor-setting-key=\"infocard_description\" data-elementor-inline-editing-toolbar=\"advanced\">\n\t\t\t\t\tOfrecemos soporte t\u00e9cnico inform\u00e1tico con excelencia, rapidez y atenci\u00f3n personalizada. Ya sea que necesites mantenimiento preventivo, instalaci\u00f3n de redes o respaldo de datos, estamos aqu\u00ed para ayudarte a mantener tus sistemas funcionando sin interrupciones.\t\t\t\t<\/div>\n\t\t\t\t\t\t\t<\/div>\n\t\t<\/div>\n\n\t\t\t\t\t\t<\/div>\n\t\t\t\t<\/div>\n\t\t\t\t<\/div>\n\t\t<div class=\"elementor-element elementor-element-0e6e3e2 e-con-full e-flex e-con e-child\" data-id=\"0e6e3e2\" data-element_type=\"container\" data-e-type=\"container\">\n\t\t\t\t<\/div>\n\t\t\t\t\t<\/div>\n\t\t\t\t<\/div>\n\t\t\t\t<div class=\"elementor-element elementor-element-15e6b08 elementor-mobile-align-left elementor-widget elementor-widget-button\" data-id=\"15e6b08\" data-element_type=\"widget\" data-e-type=\"widget\" data-widget_type=\"button.default\">\n\t\t\t\t<div class=\"elementor-widget-container\">\n\t\t\t\t\t\t\t\t\t<div class=\"elementor-button-wrapper\">\n\t\t\t\t\t<a class=\"elementor-button elementor-button-link elementor-size-md\" href=\"https:\/\/pcdataplus.com\/pcd\/contacto\/\">\n\t\t\t\t\t\t<span class=\"elementor-button-content-wrapper\">\n\t\t\t\t\t\t<span class=\"elementor-button-icon\">\n\t\t\t\t<i aria-hidden=\"true\" class=\"fas fa-arrow-right\"><\/i>\t\t\t<\/span>\n\t\t\t\t\t\t\t\t\t<span class=\"elementor-button-text\">\ud83d\udcde Cont\u00e1ctanos ahora<\/span>\n\t\t\t\t\t<\/span>\n\t\t\t\t\t<\/a>\n\t\t\t\t<\/div>\n\t\t\t\t\t\t\t\t<\/div>\n\t\t\t\t<\/div>\n\t\t\t\t<\/div>\n\t\t\t\t<\/div>\n\t\t<div class=\"elementor-element elementor-element-c64b8c6 e-flex e-con-boxed e-con e-parent\" data-id=\"c64b8c6\" data-element_type=\"container\" data-e-type=\"container\" data-settings=\"{&quot;background_background&quot;:&quot;classic&quot;}\">\n\t\t\t\t\t<div class=\"e-con-inner\">\n\t\t<div class=\"elementor-element elementor-element-fa2a58f e-con-full e-flex e-con e-child\" data-id=\"fa2a58f\" data-element_type=\"container\" data-e-type=\"container\">\n\t\t<div class=\"elementor-element elementor-element-b7f1751 e-con-full e-flex e-con e-child\" data-id=\"b7f1751\" data-element_type=\"container\" data-e-type=\"container\">\n\t\t<div class=\"elementor-element elementor-element-adf6d1c e-con-full e-flex e-con e-child\" data-id=\"adf6d1c\" data-element_type=\"container\" data-e-type=\"container\">\n\t\t\t\t<div class=\"elementor-element elementor-element-b053295 elementor-widget elementor-widget-icon-box\" data-id=\"b053295\" data-element_type=\"widget\" data-e-type=\"widget\" data-widget_type=\"icon-box.default\">\n\t\t\t\t<div class=\"elementor-widget-container\">\n\t\t\t\t\t\t\t<div class=\"elementor-icon-box-wrapper\">\n\n\t\t\t\n\t\t\t\t\t\t<div class=\"elementor-icon-box-content\">\n\n\t\t\t\t\t\t\t\t\t<h2 class=\"elementor-icon-box-title\">\n\t\t\t\t\t\t<span  >\n\t\t\t\t\t\t\tNuestros Servicios\t\t\t\t\t\t<\/span>\n\t\t\t\t\t<\/h2>\n\t\t\t\t\n\t\t\t\t\t\t\t\t\t<p class=\"elementor-icon-box-description\">\n\t\t\t\t\t\tContamos con un equipo especializado en soluciones inform\u00e1ticas para empresas, hogares y oficinas. \n       <br>Estos son nuestros principales servicios:\t\t\t\t\t<\/p>\n\t\t\t\t\n\t\t\t<\/div>\n\t\t\t\n\t\t<\/div>\n\t\t\t\t\t\t<\/div>\n\t\t\t\t<\/div>\n\t\t\t\t<\/div>\n\t\t\t\t<\/div>\n\t\t<div class=\"elementor-element elementor-element-dcb5538 e-flex e-con-boxed e-con e-child\" data-id=\"dcb5538\" data-element_type=\"container\" data-e-type=\"container\">\n\t\t\t\t\t<div class=\"e-con-inner\">\n\t\t<div class=\"elementor-element elementor-element-ec4c670 e-con-full e-flex e-con e-child\" data-id=\"ec4c670\" data-element_type=\"container\" data-e-type=\"container\" data-settings=\"{&quot;background_background&quot;:&quot;classic&quot;}\">\n\t\t\t\t<div class=\"elementor-element elementor-element-816d1f6 elementor-position-top elementor-widget elementor-widget-image-box\" data-id=\"816d1f6\" data-element_type=\"widget\" data-e-type=\"widget\" data-widget_type=\"image-box.default\">\n\t\t\t\t<div class=\"elementor-widget-container\">\n\t\t\t\t\t<div class=\"elementor-image-box-wrapper\"><figure class=\"elementor-image-box-img\"><img fetchpriority=\"high\" fetchpriority=\"high\" decoding=\"async\" width=\"512\" height=\"512\" src=\"https:\/\/pcdataplus.com\/pcd\/wp-content\/uploads\/2025\/09\/mantenimiento-1.png\" class=\"attachment-full size-full wp-image-715\" alt=\"mantenimiento (1)\" srcset=\"https:\/\/pcdataplus.com\/pcd\/wp-content\/uploads\/2025\/09\/mantenimiento-1.png 512w, https:\/\/pcdataplus.com\/pcd\/wp-content\/uploads\/2025\/09\/mantenimiento-1-300x300.png 300w, https:\/\/pcdataplus.com\/pcd\/wp-content\/uploads\/2025\/09\/mantenimiento-1-150x150.png 150w\" sizes=\"(max-width: 512px) 100vw, 512px\" title=\"Inicio\"><\/figure><div class=\"elementor-image-box-content\"><h3 class=\"elementor-image-box-title\">Mantenimiento Preventivo<\/h3><p class=\"elementor-image-box-description\">Revisi\u00f3n y optimizaci\u00f3n peri\u00f3dica de tus equipos para evitar fallos.<\/p><\/div><\/div>\t\t\t\t<\/div>\n\t\t\t\t<\/div>\n\t\t\t\t<div class=\"elementor-element elementor-element-76c7b58 elementor-position-top elementor-widget elementor-widget-image-box\" data-id=\"76c7b58\" data-element_type=\"widget\" data-e-type=\"widget\" data-widget_type=\"image-box.default\">\n\t\t\t\t<div class=\"elementor-widget-container\">\n\t\t\t\t\t<div class=\"elementor-image-box-wrapper\"><figure class=\"elementor-image-box-img\"><img loading=\"lazy\" decoding=\"async\" width=\"512\" height=\"512\" src=\"https:\/\/pcdataplus.com\/pcd\/wp-content\/uploads\/2025\/09\/respaldo.png\" class=\"attachment-full size-full wp-image-718\" alt=\"respaldo\" srcset=\"https:\/\/pcdataplus.com\/pcd\/wp-content\/uploads\/2025\/09\/respaldo.png 512w, https:\/\/pcdataplus.com\/pcd\/wp-content\/uploads\/2025\/09\/respaldo-300x300.png 300w, https:\/\/pcdataplus.com\/pcd\/wp-content\/uploads\/2025\/09\/respaldo-150x150.png 150w\" sizes=\"(max-width: 512px) 100vw, 512px\" title=\"Inicio\"><\/figure><div class=\"elementor-image-box-content\"><h3 class=\"elementor-image-box-title\">Backup - Respaldo<\/h3><p class=\"elementor-image-box-description\">Protecci\u00f3n de tu informaci\u00f3n con sistemas de respaldo automatizados.<\/p><\/div><\/div>\t\t\t\t<\/div>\n\t\t\t\t<\/div>\n\t\t\t\t<div class=\"elementor-element elementor-element-95a01ae elementor-position-top elementor-widget elementor-widget-image-box\" data-id=\"95a01ae\" data-element_type=\"widget\" data-e-type=\"widget\" data-widget_type=\"image-box.default\">\n\t\t\t\t<div class=\"elementor-widget-container\">\n\t\t\t\t\t<div class=\"elementor-image-box-wrapper\"><figure class=\"elementor-image-box-img\"><img loading=\"lazy\" decoding=\"async\" width=\"512\" height=\"512\" src=\"https:\/\/pcdataplus.com\/pcd\/wp-content\/uploads\/2025\/09\/camara.png\" class=\"attachment-full size-full wp-image-713\" alt=\"camara\" srcset=\"https:\/\/pcdataplus.com\/pcd\/wp-content\/uploads\/2025\/09\/camara.png 512w, https:\/\/pcdataplus.com\/pcd\/wp-content\/uploads\/2025\/09\/camara-300x300.png 300w, https:\/\/pcdataplus.com\/pcd\/wp-content\/uploads\/2025\/09\/camara-150x150.png 150w\" sizes=\"(max-width: 512px) 100vw, 512px\" title=\"Inicio\"><\/figure><div class=\"elementor-image-box-content\"><h3 class=\"elementor-image-box-title\">C\u00e1maras de Seguridad (Vigilancia)<\/h3><p class=\"elementor-image-box-description\">Suministro e instalaci\u00f3n de sistemas de videovigilancia para tu tranquilidad.<\/p><\/div><\/div>\t\t\t\t<\/div>\n\t\t\t\t<\/div>\n\t\t\t\t<\/div>\n\t\t<div class=\"elementor-element elementor-element-b85781a e-con-full e-flex e-con e-child\" data-id=\"b85781a\" data-element_type=\"container\" data-e-type=\"container\" data-settings=\"{&quot;background_background&quot;:&quot;classic&quot;}\">\n\t\t\t\t<div class=\"elementor-element elementor-element-2322903 elementor-position-top elementor-widget elementor-widget-image-box\" data-id=\"2322903\" data-element_type=\"widget\" data-e-type=\"widget\" data-widget_type=\"image-box.default\">\n\t\t\t\t<div class=\"elementor-widget-container\">\n\t\t\t\t\t<div class=\"elementor-image-box-wrapper\"><figure class=\"elementor-image-box-img\"><img loading=\"lazy\" loading=\"lazy\" decoding=\"async\" width=\"512\" height=\"512\" src=\"https:\/\/pcdataplus.com\/pcd\/wp-content\/uploads\/2025\/09\/asistencia1.png\" class=\"attachment-full size-full wp-image-712\" alt=\"asistencia1\" srcset=\"https:\/\/pcdataplus.com\/pcd\/wp-content\/uploads\/2025\/09\/asistencia1.png 512w, https:\/\/pcdataplus.com\/pcd\/wp-content\/uploads\/2025\/09\/asistencia1-300x300.png 300w, https:\/\/pcdataplus.com\/pcd\/wp-content\/uploads\/2025\/09\/asistencia1-150x150.png 150w\" sizes=\"auto, (max-width: 512px) 100vw, 512px\" title=\"Inicio\"><\/figure><div class=\"elementor-image-box-content\"><h3 class=\"elementor-image-box-title\">Asesor\u00eda T\u00e9cnica<\/h3><p class=\"elementor-image-box-description\">Atenci\u00f3n personalizada para resolver dudas, problemas y mejorar tu infraestructura.<\/p><\/div><\/div>\t\t\t\t<\/div>\n\t\t\t\t<\/div>\n\t\t\t\t<div class=\"elementor-element elementor-element-e499353 elementor-position-top elementor-widget elementor-widget-image-box\" data-id=\"e499353\" data-element_type=\"widget\" data-e-type=\"widget\" data-widget_type=\"image-box.default\">\n\t\t\t\t<div class=\"elementor-widget-container\">\n\t\t\t\t\t<div class=\"elementor-image-box-wrapper\"><figure class=\"elementor-image-box-img\"><img loading=\"lazy\" loading=\"lazy\" decoding=\"async\" width=\"512\" height=\"512\" src=\"https:\/\/pcdataplus.com\/pcd\/wp-content\/uploads\/2025\/09\/correcion.png\" class=\"attachment-full size-full wp-image-714\" alt=\"correcion\" srcset=\"https:\/\/pcdataplus.com\/pcd\/wp-content\/uploads\/2025\/09\/correcion.png 512w, https:\/\/pcdataplus.com\/pcd\/wp-content\/uploads\/2025\/09\/correcion-300x300.png 300w, https:\/\/pcdataplus.com\/pcd\/wp-content\/uploads\/2025\/09\/correcion-150x150.png 150w\" sizes=\"auto, (max-width: 512px) 100vw, 512px\" title=\"Inicio\"><\/figure><div class=\"elementor-image-box-content\"><h3 class=\"elementor-image-box-title\">Correcci\u00f3n de errores<\/h3><p class=\"elementor-image-box-description\">Diagn\u00f3stico y soluci\u00f3n de fallos t\u00e9cnicos en hardware y software.<\/p><\/div><\/div>\t\t\t\t<\/div>\n\t\t\t\t<\/div>\n\t\t\t\t<div class=\"elementor-element elementor-element-1fc829d elementor-position-top elementor-widget elementor-widget-image-box\" data-id=\"1fc829d\" data-element_type=\"widget\" data-e-type=\"widget\" data-widget_type=\"image-box.default\">\n\t\t\t\t<div class=\"elementor-widget-container\">\n\t\t\t\t\t<div class=\"elementor-image-box-wrapper\"><figure class=\"elementor-image-box-img\"><img loading=\"lazy\" loading=\"lazy\" decoding=\"async\" width=\"512\" height=\"512\" src=\"https:\/\/pcdataplus.com\/pcd\/wp-content\/uploads\/2025\/09\/portatil.png\" class=\"attachment-full size-full wp-image-716\" alt=\"portatil\" srcset=\"https:\/\/pcdataplus.com\/pcd\/wp-content\/uploads\/2025\/09\/portatil.png 512w, https:\/\/pcdataplus.com\/pcd\/wp-content\/uploads\/2025\/09\/portatil-300x300.png 300w, https:\/\/pcdataplus.com\/pcd\/wp-content\/uploads\/2025\/09\/portatil-150x150.png 150w\" sizes=\"auto, (max-width: 512px) 100vw, 512px\" title=\"Inicio\"><\/figure><div class=\"elementor-image-box-content\"><h3 class=\"elementor-image-box-title\">Venta de Laptop y Desktop<\/h3><p class=\"elementor-image-box-description\">\tEquipos nuevos, confiables y listos para trabajar, con asesor\u00eda incluida.<\/p><\/div><\/div>\t\t\t\t<\/div>\n\t\t\t\t<\/div>\n\t\t\t\t<\/div>\n\t\t<div class=\"elementor-element elementor-element-826c983 e-con-full e-flex e-con e-child\" data-id=\"826c983\" data-element_type=\"container\" data-e-type=\"container\" data-settings=\"{&quot;background_background&quot;:&quot;classic&quot;}\">\n\t\t\t\t<div class=\"elementor-element elementor-element-7c3abdb elementor-position-top elementor-widget elementor-widget-image-box\" data-id=\"7c3abdb\" data-element_type=\"widget\" data-e-type=\"widget\" data-widget_type=\"image-box.default\">\n\t\t\t\t<div class=\"elementor-widget-container\">\n\t\t\t\t\t<div class=\"elementor-image-box-wrapper\"><figure class=\"elementor-image-box-img\"><img loading=\"lazy\" loading=\"lazy\" decoding=\"async\" width=\"512\" height=\"512\" src=\"https:\/\/pcdataplus.com\/pcd\/wp-content\/uploads\/2025\/09\/redes-2.png\" class=\"attachment-full size-full wp-image-717\" alt=\"redes (2)\" srcset=\"https:\/\/pcdataplus.com\/pcd\/wp-content\/uploads\/2025\/09\/redes-2.png 512w, https:\/\/pcdataplus.com\/pcd\/wp-content\/uploads\/2025\/09\/redes-2-300x300.png 300w, https:\/\/pcdataplus.com\/pcd\/wp-content\/uploads\/2025\/09\/redes-2-150x150.png 150w\" sizes=\"auto, (max-width: 512px) 100vw, 512px\" title=\"Inicio\"><\/figure><div class=\"elementor-image-box-content\"><h3 class=\"elementor-image-box-title\">Redes<\/h3><p class=\"elementor-image-box-description\">Instalaci\u00f3n, configuraci\u00f3n y mantenimiento de redes seguras y eficientes.<\/p><\/div><\/div>\t\t\t\t<\/div>\n\t\t\t\t<\/div>\n\t\t\t\t<div class=\"elementor-element elementor-element-ad25b8b elementor-position-top elementor-widget elementor-widget-image-box\" data-id=\"ad25b8b\" data-element_type=\"widget\" data-e-type=\"widget\" data-widget_type=\"image-box.default\">\n\t\t\t\t<div class=\"elementor-widget-container\">\n\t\t\t\t\t<div class=\"elementor-image-box-wrapper\"><figure class=\"elementor-image-box-img\"><img loading=\"lazy\" loading=\"lazy\" decoding=\"async\" width=\"512\" height=\"512\" src=\"https:\/\/pcdataplus.com\/pcd\/wp-content\/uploads\/2025\/09\/instalacion-de-software-1.png\" class=\"attachment-full size-full wp-image-719\" alt=\"instalacion de software 1\" srcset=\"https:\/\/pcdataplus.com\/pcd\/wp-content\/uploads\/2025\/09\/instalacion-de-software-1.png 512w, https:\/\/pcdataplus.com\/pcd\/wp-content\/uploads\/2025\/09\/instalacion-de-software-1-300x300.png 300w, https:\/\/pcdataplus.com\/pcd\/wp-content\/uploads\/2025\/09\/instalacion-de-software-1-150x150.png 150w\" sizes=\"auto, (max-width: 512px) 100vw, 512px\" title=\"Inicio\"><\/figure><div class=\"elementor-image-box-content\"><h3 class=\"elementor-image-box-title\">Instalaci\u00f3n de Softwares<\/h3><p class=\"elementor-image-box-description\">Instalaci\u00f3n segura y actualizada de programas esenciales para tu trabajo.<\/p><\/div><\/div>\t\t\t\t<\/div>\n\t\t\t\t<\/div>\n\t\t\t\t<div class=\"elementor-element elementor-element-926ae9b elementor-position-top elementor-widget elementor-widget-image-box\" data-id=\"926ae9b\" data-element_type=\"widget\" data-e-type=\"widget\" data-widget_type=\"image-box.default\">\n\t\t\t\t<div class=\"elementor-widget-container\">\n\t\t\t\t\t<div class=\"elementor-image-box-wrapper\"><figure class=\"elementor-image-box-img\"><img loading=\"lazy\" loading=\"lazy\" decoding=\"async\" width=\"80\" height=\"80\" src=\"https:\/\/pcdataplus.com\/pcd\/wp-content\/uploads\/2025\/09\/tools.png\" class=\"attachment-full size-full wp-image-99\" alt=\"Tools\" title=\"Inicio\"><\/figure><div class=\"elementor-image-box-content\"><h3 class=\"elementor-image-box-title\">Instalaci\u00f3n de Softwares<\/h3><p class=\"elementor-image-box-description\">Instalaci\u00f3n segura y actualizada de programas esenciales para tu trabajo.<\/p><\/div><\/div>\t\t\t\t<\/div>\n\t\t\t\t<\/div>\n\t\t\t\t<\/div>\n\t\t\t\t\t<\/div>\n\t\t\t\t<\/div>\n\t\t\t\t<\/div>\n\t\t\t\t\t<\/div>\n\t\t\t\t<\/div>\n\t\t\t\t<\/div>\n\t\t","protected":false},"excerpt":{"rendered":"<p>Pcdataplus Ofrecemos soporte t\u00e9cnico inform\u00e1tico con excelencia, rapidez y atenci\u00f3n personalizada. Ya sea que necesites mantenimiento preventivo, instalaci\u00f3n de redes o respaldo de datos, estamos aqu\u00ed para ayudarte a mantener tus sistemas funcionando sin interrupciones. \ud83d\udcde Cont\u00e1ctanos ahora Nuestros Servicios Contamos con un equipo especializado en soluciones inform\u00e1ticas para empresas, hogares y oficinas. Estos son [&hellip;]<\/p>\n","protected":false},"author":1,"featured_media":0,"parent":0,"menu_order":0,"comment_status":"closed","ping_status":"closed","template":"","meta":{"_uag_custom_page_level_css":"","site-sidebar-layout":"no-sidebar","site-content-layout":"page-builder","ast-site-content-layout":"full-width-container","site-content-style":"unboxed","site-sidebar-style":"unboxed","ast-global-header-display":"","ast-banner-title-visibility":"","ast-main-header-display":"","ast-hfb-above-header-display":"","ast-hfb-below-header-display":"","ast-hfb-mobile-header-display":"","site-post-title":"disabled","ast-breadcrumbs-content":"","ast-featured-img":"disabled","footer-sml-layout":"","ast-disable-related-posts":"","theme-transparent-header-meta":"default","adv-header-id-meta":"","stick-header-meta":"","header-above-stick-meta":"","header-main-stick-meta":"","header-below-stick-meta":"","astra-migrate-meta-layouts":"set","ast-page-background-enabled":"default","ast-page-background-meta":{"desktop":{"background-color":"","background-image":"","background-repeat":"repeat","background-position":"center center","background-size":"auto","background-attachment":"scroll","background-type":"","background-media":"","overlay-type":"","overlay-color":"","overlay-opacity":"","overlay-gradient":""},"tablet":{"background-color":"","background-image":"","background-repeat":"repeat","background-position":"center center","background-size":"auto","background-attachment":"scroll","background-type":"","background-media":"","overlay-type":"","overlay-color":"","overlay-opacity":"","overlay-gradient":""},"mobile":{"background-color":"","background-image":"","background-repeat":"repeat","background-position":"center center","background-size":"auto","background-attachment":"scroll","background-type":"","background-media":"","overlay-type":"","overlay-color":"","overlay-opacity":"","overlay-gradient":""}},"ast-content-background-meta":{"desktop":{"background-color":"var(--ast-global-color-5)","background-image":"","background-repeat":"repeat","background-position":"center center","background-size":"auto","background-attachment":"scroll","background-type":"","background-media":"","overlay-type":"","overlay-color":"","overlay-opacity":"","overlay-gradient":""},"tablet":{"background-color":"var(--ast-global-color-5)","background-image":"","background-repeat":"repeat","background-position":"center center","background-size":"auto","background-attachment":"scroll","background-type":"","background-media":"","overlay-type":"","overlay-color":"","overlay-opacity":"","overlay-gradient":""},"mobile":{"background-color":"var(--ast-global-color-5)","background-image":"","background-repeat":"repeat","background-position":"center center","background-size":"auto","background-attachment":"scroll","background-type":"","background-media":"","overlay-type":"","overlay-color":"","overlay-opacity":"","overlay-gradient":""}},"footnotes":""},"class_list":["post-435","page","type-page","status-publish","hentry"],"uagb_featured_image_src":{"full":false,"thumbnail":false,"medium":false,"medium_large":false,"large":false,"1536x1536":false,"2048x2048":false},"uagb_author_info":{"display_name":"pcdataceo","author_link":"https:\/\/pcdataplus.com\/pcd\/author\/pcdataceo\/"},"uagb_comment_info":0,"uagb_excerpt":"Pcdataplus Ofrecemos soporte t\u00e9cnico inform\u00e1tico con excelencia, rapidez y atenci\u00f3n personalizada. Ya sea que necesites mantenimiento preventivo, instalaci\u00f3n de redes o respaldo de datos, estamos aqu\u00ed para ayudarte a mantener tus sistemas funcionando sin interrupciones. \ud83d\udcde Cont\u00e1ctanos ahora Nuestros Servicios Contamos con un equipo especializado en soluciones inform\u00e1ticas para empresas, hogares y oficinas. Estos son&hellip;","_links":{"self":[{"href":"https:\/\/pcdataplus.com\/pcd\/wp-json\/wp\/v2\/pages\/435","targetHints":{"allow":["GET"]}}],"collection":[{"href":"https:\/\/pcdataplus.com\/pcd\/wp-json\/wp\/v2\/pages"}],"about":[{"href":"https:\/\/pcdataplus.com\/pcd\/wp-json\/wp\/v2\/types\/page"}],"author":[{"embeddable":true,"href":"https:\/\/pcdataplus.com\/pcd\/wp-json\/wp\/v2\/users\/1"}],"replies":[{"embeddable":true,"href":"https:\/\/pcdataplus.com\/pcd\/wp-json\/wp\/v2\/comments?post=435"}],"version-history":[{"count":52,"href":"https:\/\/pcdataplus.com\/pcd\/wp-json\/wp\/v2\/pages\/435\/revisions"}],"predecessor-version":[{"id":835,"href":"https:\/\/pcdataplus.com\/pcd\/wp-json\/wp\/v2\/pages\/435\/revisions\/835"}],"wp:attachment":[{"href":"https:\/\/pcdataplus.com\/pcd\/wp-json\/wp\/v2\/media?parent=435"}],"curies":[{"name":"wp","href":"https:\/\/api.w.org\/{rel}","templated":true}]}}